{"id":3365,"date":"2022-04-15T11:33:20","date_gmt":"2022-04-15T09:33:20","guid":{"rendered":"https:\/\/www.mercatocontadino.org\/public\/?page_id=3365"},"modified":"2022-04-30T11:44:13","modified_gmt":"2022-04-30T09:44:13","slug":"biglietto-1-primo-maggio-contadino-parco-2022","status":"publish","type":"page","link":"https:\/\/www.mercatocontadino.org\/public\/biglietto-1-primo-maggio-contadino-parco-2022\/","title":{"rendered":"BIGLIETTO OMAGGIO 1\u00b0 Primo maggio contadino a Parco 2022"},"content":{"rendered":"<p>[vc_row css_animation=&#8221;&#8221; row_type=&#8221;row&#8221; use_row_as_full_screen_section=&#8221;yes&#8221; type=&#8221;full_width&#8221; angled_section=&#8221;no&#8221; text_align=&#8221;center&#8221; background_image_as_pattern=&#8221;without_pattern&#8221; css=&#8221;.vc_custom_1622535781632{padding-top: 0px !important;padding-bottom: 0px !important;}&#8221; z_index=&#8221;&#8221;][vc_column css=&#8221;.vc_custom_1554573737657{padding-top: 0px !important;padding-bottom: 0px !important;}&#8221;][vc_column_text]<img decoding=\"async\" class=\"aligncenter size-full wp-image-2229\" style=\"width: 100%;\" src=\"https:\/\/www.mercatocontadino.org\/public\/wp-content\/uploads\/2022\/04\/scarica_biglietto_1_primo_maggio_2022_parco_romano_biodistretto_roma_castelli_romani.jpg\" alt=\"2 GIUGNO PARCO ROMANO BIODISTRETTO 2021 ARICCIA\" \/>[\/vc_column_text][vc_row_inner row_type=&#8221;row&#8221; type=&#8221;grid&#8221; text_align=&#8221;left&#8221; css_animation=&#8221;&#8221; css=&#8221;.vc_custom_1651311658908{padding-top: 80px !important;padding-right: 10px !important;padding-bottom: 80px !important;padding-left: 10px !important;}&#8221;][vc_column_inner offset=&#8221;vc_col-lg-offset-3 vc_col-lg-6 vc_col-md-offset-3 vc_col-md-6&#8243;][vc_column_text]<\/p>\n<h2 style=\"text-align: center;\">BIGLIETTI ESAURITI \u2013 CI SCUSIAMO, MA ABBIAMO RAGGIUNTO IL NUMERO MASSIMO DI BIGLIETTI SCARICABILI. POTRAI COMUNQUE PROVARE A RAGGIUNGERE PARCO ROMANO PER VEDERE SE SI FOSSERO DETERMINATE LE CONDIZIONI PER L\u2019INGRESSO, SEMPRE GRATUITO, ALL\u2019AREA.<\/h2>\n<p>&nbsp;<\/p>\n<h3 style=\"text-align: center;\">Si precisa che l\u2019acquisizione del biglietto non costituisce prenotazione del posto, riserva di posto o titolo per l\u2019esercizio di qualsivoglia diritto, ma semplicemente uno strumento di programmazione previsionale degli accessi al fine di diminuire i disagi legati alle modalit\u00e0 di accesso (viabilit\u00e0 locale, sicurezza, parcheggio etc.) e di rapporto con i produttori agricoli impegnati nelle attivit\u00e0 di somministrazione non assistita.<\/h3>\n<p>&nbsp;<\/p>\n<h3 style=\"text-align: center;\">Vieni a <a style=\"color: #2196f3;\" href=\"https:\/\/www.mercatocontadino.org\/public\/terra-musica-2022-festa-del-1-maggio-contadino-roma\/\" target=\"_blank\" rel=\"noopener\">Terra e Musica 2022: Festa del 1\u00b0 Maggio Contadino a Roma Ippodromo Capannelle<\/a>. Per questo evento i biglietti sono ancora disponibili. Grazie<\/h3>\n<p>[\/vc_column_text][\/vc_column_inner][\/vc_row_inner][\/vc_column][\/vc_row][vc_row css_animation=&#8221;&#8221; row_type=&#8221;row&#8221; use_row_as_full_screen_section=&#8221;no&#8221; type=&#8221;grid&#8221; angled_section=&#8221;no&#8221; text_align=&#8221;left&#8221; background_image_as_pattern=&#8221;without_pattern&#8221; background_color=&#8221;#d3eeba&#8221; css=&#8221;.vc_custom_1651235834948{padding-top: 60px !important;padding-bottom: 60px !important;}&#8221; z_index=&#8221;&#8221; el_class=&#8221;hide_me&#8221;][vc_column offset=&#8221;vc_col-lg-offset-1 vc_col-lg-10 vc_hidden-lg vc_col-md-offset-1 vc_col-md-10 vc_hidden-md vc_hidden-sm vc_hidden-xs&#8221;][vc_column_text]<\/p>\n<h1 style=\"text-align: center; margin-bottom: 40px;\">1\u00b0 Primo maggio contadino al Parco 2022<\/h1>\n<h2 style=\"text-align: center; margin-bottom: 40px;\">#Ariccia 01.05.2022 &#8211; 08:30\/17:00<\/h2>\n<p class=\"big_event\" style=\"margin-right: 20px; margin-left: 20px; margin-bottom: 40px; text-align: center;\">Ti stiamo aspettando il <strong>1\u00b0 maggio a Parco Romano Biodistretto<\/strong>! \ud83c\udf08\ud83d\udc68\u200d\ud83c\udf3e\ud83c\udf7a\ud83d\udca5\ud83c\udf3a\ud83c\udf33 Una bellissima giornata di festa tra le querce secolari, immersi nella natura, con lo street food contadino degli agrichef, in sicurezza anticovid, e con un grande Beer Garden con le birre artigianali selezionate da FUSTOCK birreria, nel pi\u00f9 grande spazio comunitario immerso nel verde, nel cuore dei #CastelliRomani.<\/p>\n<p style=\"text-align: center;\">Dove? <strong>Parco Romano Biodistretto &#8211; Ariccia, Piazzale dei Daini 1 <a href=\"https:\/\/g.page\/parco-romano-castelli-romani?share\" target=\"_blank\" rel=\"noopener\">Google Map<\/a><\/strong><\/p>\n<p>[\/vc_column_text][vc_row_inner row_type=&#8221;row&#8221; type=&#8221;full_width&#8221; text_align=&#8221;left&#8221; css_animation=&#8221;&#8221; css=&#8221;.vc_custom_1619557202766{padding-top: 40px !important;}&#8221;][vc_column_inner width=&#8221;2\/3&#8243; offset=&#8221;vc_col-lg-offset-2 vc_col-md-offset-2 vc_col-sm-offset-2 vc_col-xs-12&#8243;][vc_column_text]<\/p>\n<h2 style=\"text-align: center; margin-bottom: 40px;\">SCARICA IL BIGLIETTO OMAGGIO PER IL 1\u00b0 PRIMO MAGGIO CONTADINO A PARCO<\/h2>\n<p>[\/vc_column_text]\n<div class=\"wpcf7 no-js\" id=\"wpcf7-f3368-o1\" lang=\"it-IT\" dir=\"ltr\">\n<div class=\"screen-reader-response\"><p role=\"status\" aria-live=\"polite\" aria-atomic=\"true\"><\/p> <ul><\/ul><\/div>\n<form action=\"\/public\/wp-json\/wp\/v2\/pages\/3365#wpcf7-f3368-o1\" method=\"post\" class=\"wpcf7-form init cf7_custom_style_1\" aria-label=\"Modulo di contatto\" novalidate=\"novalidate\" data-status=\"init\">\n<div style=\"display: none;\">\n<input type=\"hidden\" name=\"_wpcf7\" value=\"3368\" \/>\n<input type=\"hidden\" name=\"_wpcf7_version\" value=\"5.9.8\" \/>\n<input type=\"hidden\" name=\"_wpcf7_locale\" value=\"it_IT\" \/>\n<input type=\"hidden\" name=\"_wpcf7_unit_tag\" value=\"wpcf7-f3368-o1\" \/>\n<input type=\"hidden\" name=\"_wpcf7_container_post\" value=\"0\" \/>\n<input type=\"hidden\" name=\"_wpcf7_posted_data_hash\" value=\"\" \/>\n<\/div>\n<div class=\"wpcf7-response-output\" aria-hidden=\"true\"><\/div>\n<p style=\"color:#000; font-weight:900;\">IL TUO NOME*\n<\/p>\n<p><span class=\"wpcf7-form-control-wrap\" data-name=\"your-name\"><input size=\"40\" maxlength=\"400\" class=\"wpcf7-form-control wpcf7-text wpcf7-validates-as-required\" aria-required=\"true\" aria-invalid=\"false\" placeholder=\"Come ti chiami?\" value=\"\" type=\"text\" name=\"your-name\" \/><\/span>\n<\/p>\n<p style=\"color:#000; font-weight:900;\">COGNOME*\n<\/p>\n<p><span class=\"wpcf7-form-control-wrap\" data-name=\"your-surname\"><input size=\"40\" maxlength=\"400\" class=\"wpcf7-form-control wpcf7-text wpcf7-validates-as-required\" aria-required=\"true\" aria-invalid=\"false\" placeholder=\"Il tuo cognome?\" value=\"\" type=\"text\" name=\"your-surname\" \/><\/span>\n<\/p>\n<p style=\"color:#000; font-weight:900;\">CELLULARE*\n<\/p>\n<p><span class=\"wpcf7-form-control-wrap\" data-name=\"your-cell\"><input size=\"40\" maxlength=\"400\" class=\"wpcf7-form-control wpcf7-text wpcf7-validates-as-required\" aria-required=\"true\" aria-invalid=\"false\" placeholder=\"Numero di cellulare?\" value=\"\" type=\"text\" name=\"your-cell\" \/><\/span>\n<\/p>\n<p style=\"color:#000; font-weight:900;\">LA TUA EMAIL*\n<\/p>\n<p><span class=\"wpcf7-form-control-wrap\" data-name=\"your-email\"><input size=\"40\" maxlength=\"400\" class=\"wpcf7-form-control wpcf7-email wpcf7-validates-as-required wpcf7-text wpcf7-validates-as-email\" aria-required=\"true\" aria-invalid=\"false\" placeholder=\"your@email.com\" value=\"\" type=\"email\" name=\"your-email\" \/><\/span>\n<\/p>\n<p style=\"color:#000; font-weight:900; margin-bottom:0;\">IL TUO CAP*\n<\/p>\n<p><span class=\"wpcf7-form-control-wrap\" data-name=\"your-cap\"><input size=\"40\" maxlength=\"400\" class=\"wpcf7-form-control wpcf7-text wpcf7-validates-as-required\" aria-required=\"true\" aria-invalid=\"false\" placeholder=\"Inserisci il tuo CAP\" value=\"\" type=\"text\" name=\"your-cap\" \/><\/span>\n<\/p>\n<div class=\"wpcf7-response-output\" aria-hidden=\"true\"><\/div>\n<div class=\"vc_col-md-12\" style=\"margin-top:10px; margin-bottom:5px; padding-right:0; padding-left:0\">\n\t<p style=\"color:#fff; font-size: 14px;\"><span class=\"wpcf7-form-control-wrap\" data-name=\"privacy\"><span class=\"wpcf7-form-control wpcf7-acceptance\"><span class=\"wpcf7-list-item\"><input type=\"checkbox\" name=\"privacy\" value=\"1\" checked=\"checked\" aria-invalid=\"false\" \/><\/span><\/span><\/span> Dichiaro di aver letto e accettato l'<b><a style=\"text-decoration:underline; \" href=\"http:\/\/www.mercatocontadino.org\/public\/coockie-policy\/\" target=\"blank\">informativa della privacy<\/a><\/b> ed acconsento al relativo trattamento dei miei dati personali.\n\t<\/p>\n<\/div>\n<div style=\"max-width:100%; width:100%;\">\n\t<p><input class=\"wpcf7-form-control wpcf7-submit has-spinner\" type=\"submit\" value=\"SCARICA IL BIGLIETTO\" \/>\n\t<\/p>\n<\/div>\n<div class=\"wpcf7-response-output\" aria-hidden=\"true\"><\/div>\n<\/form>\n<\/div>\n[\/vc_column_inner][\/vc_row_inner][\/vc_column][\/vc_row]<\/p>\n","protected":false},"excerpt":{"rendered":"<p>[vc_row css_animation=&#8221;&#8221; row_type=&#8221;row&#8221; use_row_as_full_screen_section=&#8221;yes&#8221; type=&#8221;full_width&#8221; angled_section=&#8221;no&#8221; text_align=&#8221;center&#8221; background_image_as_pattern=&#8221;without_pattern&#8221; css=&#8221;.vc_custom_1622535781632{padding-top: 0px !important;padding-bottom: 0px !important;}&#8221; z_index=&#8221;&#8221;][vc_column css=&#8221;.vc_custom_1554573737657{padding-top: 0px !important;padding-bottom: 0px !important;}&#8221;][vc_column_text][\/vc_column_text][vc_row_inner row_type=&#8221;row&#8221; type=&#8221;grid&#8221; text_align=&#8221;left&#8221; css_animation=&#8221;&#8221; css=&#8221;.vc_custom_1651311658908{padding-top: 80px !important;padding-right: 10px !important;padding-bottom: 80px !important;padding-left: 10px !important;}&#8221;][vc_column_inner offset=&#8221;vc_col-lg-offset-3 vc_col-lg-6 vc_col-md-offset-3&#8230;<\/p>\n","protected":false},"author":1,"featured_media":3366,"parent":0,"menu_order":0,"comment_status":"closed","ping_status":"closed","template":"full_width.php","meta":{"footnotes":""},"yoast_head":"<!-- This site is optimized with the Yoast SEO plugin v23.6 - https:\/\/yoast.com\/wordpress\/plugins\/seo\/ -->\r\n<title>BIGLIETTO OMAGGIO 1\u00b0 Primo maggio contadino a Parco 2022 - Mercato Contadino Roma e Castelli Romani<\/title>\r\n<meta name=\"robots\" content=\"index, follow, max-snippet:-1, max-image-preview:large, max-video-preview:-1\" \/>\r\n<link rel=\"canonical\" href=\"https:\/\/www.mercatocontadino.org\/public\/biglietto-1-primo-maggio-contadino-parco-2022\/\" \/>\r\n<meta property=\"og:locale\" content=\"it_IT\" \/>\r\n<meta property=\"og:type\" content=\"article\" \/>\r\n<meta property=\"og:title\" content=\"BIGLIETTO OMAGGIO 1\u00b0 Primo maggio contadino a Parco 2022 - Mercato Contadino Roma e Castelli Romani\" \/>\r\n<meta property=\"og:description\" content=\"[vc_row css_animation=&#8221;&#8221; row_type=&#8221;row&#8221; use_row_as_full_screen_section=&#8221;yes&#8221; type=&#8221;full_width&#8221; angled_section=&#8221;no&#8221; text_align=&#8221;center&#8221; background_image_as_pattern=&#8221;without_pattern&#8221; css=&#8221;.vc_custom_1622535781632{padding-top: 0px !important;padding-bottom: 0px !important;}&#8221; z_index=&#8221;&#8221;][vc_column css=&#8221;.vc_custom_1554573737657{padding-top: 0px !important;padding-bottom: 0px !important;}&#8221;][vc_column_text][\/vc_column_text][vc_row_inner row_type=&#8221;row&#8221; type=&#8221;grid&#8221; text_align=&#8221;left&#8221; css_animation=&#8221;&#8221; css=&#8221;.vc_custom_1651311658908{padding-top: 80px !important;padding-right: 10px !important;padding-bottom: 80px !important;padding-left: 10px !important;}&#8221;][vc_column_inner offset=&#8221;vc_col-lg-offset-3 vc_col-lg-6 vc_col-md-offset-3...\" \/>\r\n<meta property=\"og:url\" content=\"https:\/\/www.mercatocontadino.org\/public\/biglietto-1-primo-maggio-contadino-parco-2022\/\" \/>\r\n<meta property=\"og:site_name\" content=\"Mercato Contadino Roma e Castelli Romani\" \/>\r\n<meta property=\"article:modified_time\" content=\"2022-04-30T09:44:13+00:00\" \/>\r\n<meta property=\"og:image\" content=\"https:\/\/www.mercatocontadino.org\/public\/wp-content\/uploads\/2022\/04\/scarica_biglietto_1_primo_maggio_2022_parco_romano_biodistretto_roma_castelli_romani.jpg\" \/>\r\n\t<meta property=\"og:image:width\" content=\"2460\" \/>\r\n\t<meta property=\"og:image:height\" content=\"1979\" \/>\r\n\t<meta property=\"og:image:type\" content=\"image\/jpeg\" \/>\r\n<meta name=\"twitter:card\" content=\"summary_large_image\" \/>\r\n<meta name=\"twitter:label1\" content=\"Tempo di lettura stimato\" \/>\n\t<meta name=\"twitter:data1\" content=\"2 minuti\" \/>\r\n<script type=\"application\/ld+json\" class=\"yoast-schema-graph\">{\"@context\":\"https:\/\/schema.org\",\"@graph\":[{\"@type\":\"WebPage\",\"@id\":\"https:\/\/www.mercatocontadino.org\/public\/biglietto-1-primo-maggio-contadino-parco-2022\/\",\"url\":\"https:\/\/www.mercatocontadino.org\/public\/biglietto-1-primo-maggio-contadino-parco-2022\/\",\"name\":\"BIGLIETTO OMAGGIO 1\u00b0 Primo maggio contadino a Parco 2022 - Mercato Contadino Roma e Castelli Romani\",\"isPartOf\":{\"@id\":\"https:\/\/www.mercatocontadino.org\/public\/#website\"},\"primaryImageOfPage\":{\"@id\":\"https:\/\/www.mercatocontadino.org\/public\/biglietto-1-primo-maggio-contadino-parco-2022\/#primaryimage\"},\"image\":{\"@id\":\"https:\/\/www.mercatocontadino.org\/public\/biglietto-1-primo-maggio-contadino-parco-2022\/#primaryimage\"},\"thumbnailUrl\":\"https:\/\/www.mercatocontadino.org\/public\/wp-content\/uploads\/2022\/04\/scarica_biglietto_1_primo_maggio_2022_parco_romano_biodistretto_roma_castelli_romani.jpg\",\"datePublished\":\"2022-04-15T09:33:20+00:00\",\"dateModified\":\"2022-04-30T09:44:13+00:00\",\"breadcrumb\":{\"@id\":\"https:\/\/www.mercatocontadino.org\/public\/biglietto-1-primo-maggio-contadino-parco-2022\/#breadcrumb\"},\"inLanguage\":\"it-IT\",\"potentialAction\":[{\"@type\":\"ReadAction\",\"target\":[\"https:\/\/www.mercatocontadino.org\/public\/biglietto-1-primo-maggio-contadino-parco-2022\/\"]}]},{\"@type\":\"ImageObject\",\"inLanguage\":\"it-IT\",\"@id\":\"https:\/\/www.mercatocontadino.org\/public\/biglietto-1-primo-maggio-contadino-parco-2022\/#primaryimage\",\"url\":\"https:\/\/www.mercatocontadino.org\/public\/wp-content\/uploads\/2022\/04\/scarica_biglietto_1_primo_maggio_2022_parco_romano_biodistretto_roma_castelli_romani.jpg\",\"contentUrl\":\"https:\/\/www.mercatocontadino.org\/public\/wp-content\/uploads\/2022\/04\/scarica_biglietto_1_primo_maggio_2022_parco_romano_biodistretto_roma_castelli_romani.jpg\",\"width\":2460,\"height\":1979,\"caption\":\"1 primo maggio 2022 parco romano biodistretto roma castelli romani scarica biglietto\"},{\"@type\":\"BreadcrumbList\",\"@id\":\"https:\/\/www.mercatocontadino.org\/public\/biglietto-1-primo-maggio-contadino-parco-2022\/#breadcrumb\",\"itemListElement\":[{\"@type\":\"ListItem\",\"position\":1,\"name\":\"Home\",\"item\":\"https:\/\/www.mercatocontadino.org\/public\/\"},{\"@type\":\"ListItem\",\"position\":2,\"name\":\"BIGLIETTO OMAGGIO 1\u00b0 Primo maggio contadino a Parco 2022\"}]},{\"@type\":\"WebSite\",\"@id\":\"https:\/\/www.mercatocontadino.org\/public\/#website\",\"url\":\"https:\/\/www.mercatocontadino.org\/public\/\",\"name\":\"Mercato Contadino Roma e Castelli Romani\",\"description\":\"Diffondiamo Prodotti Agroalimentari di Qualit\u00e0, Km0, di Filiera Corta\",\"potentialAction\":[{\"@type\":\"SearchAction\",\"target\":{\"@type\":\"EntryPoint\",\"urlTemplate\":\"https:\/\/www.mercatocontadino.org\/public\/?s={search_term_string}\"},\"query-input\":{\"@type\":\"PropertyValueSpecification\",\"valueRequired\":true,\"valueName\":\"search_term_string\"}}],\"inLanguage\":\"it-IT\"}]}<\/script>\r\n<!-- \/ Yoast SEO plugin. -->","yoast_head_json":{"title":"BIGLIETTO OMAGGIO 1\u00b0 Primo maggio contadino a Parco 2022 - Mercato Contadino Roma e Castelli Romani","robots":{"index":"index","follow":"follow","max-snippet":"max-snippet:-1","max-image-preview":"max-image-preview:large","max-video-preview":"max-video-preview:-1"},"canonical":"https:\/\/www.mercatocontadino.org\/public\/biglietto-1-primo-maggio-contadino-parco-2022\/","og_locale":"it_IT","og_type":"article","og_title":"BIGLIETTO OMAGGIO 1\u00b0 Primo maggio contadino a Parco 2022 - Mercato Contadino Roma e Castelli Romani","og_description":"[vc_row css_animation=&#8221;&#8221; row_type=&#8221;row&#8221; use_row_as_full_screen_section=&#8221;yes&#8221; type=&#8221;full_width&#8221; angled_section=&#8221;no&#8221; text_align=&#8221;center&#8221; background_image_as_pattern=&#8221;without_pattern&#8221; css=&#8221;.vc_custom_1622535781632{padding-top: 0px !important;padding-bottom: 0px !important;}&#8221; z_index=&#8221;&#8221;][vc_column css=&#8221;.vc_custom_1554573737657{padding-top: 0px !important;padding-bottom: 0px !important;}&#8221;][vc_column_text][\/vc_column_text][vc_row_inner row_type=&#8221;row&#8221; type=&#8221;grid&#8221; text_align=&#8221;left&#8221; css_animation=&#8221;&#8221; css=&#8221;.vc_custom_1651311658908{padding-top: 80px !important;padding-right: 10px !important;padding-bottom: 80px !important;padding-left: 10px !important;}&#8221;][vc_column_inner offset=&#8221;vc_col-lg-offset-3 vc_col-lg-6 vc_col-md-offset-3...","og_url":"https:\/\/www.mercatocontadino.org\/public\/biglietto-1-primo-maggio-contadino-parco-2022\/","og_site_name":"Mercato Contadino Roma e Castelli Romani","article_modified_time":"2022-04-30T09:44:13+00:00","og_image":[{"width":2460,"height":1979,"url":"https:\/\/www.mercatocontadino.org\/public\/wp-content\/uploads\/2022\/04\/scarica_biglietto_1_primo_maggio_2022_parco_romano_biodistretto_roma_castelli_romani.jpg","type":"image\/jpeg"}],"twitter_card":"summary_large_image","twitter_misc":{"Tempo di lettura stimato":"2 minuti"},"schema":{"@context":"https:\/\/schema.org","@graph":[{"@type":"WebPage","@id":"https:\/\/www.mercatocontadino.org\/public\/biglietto-1-primo-maggio-contadino-parco-2022\/","url":"https:\/\/www.mercatocontadino.org\/public\/biglietto-1-primo-maggio-contadino-parco-2022\/","name":"BIGLIETTO OMAGGIO 1\u00b0 Primo maggio contadino a Parco 2022 - Mercato Contadino Roma e Castelli Romani","isPartOf":{"@id":"https:\/\/www.mercatocontadino.org\/public\/#website"},"primaryImageOfPage":{"@id":"https:\/\/www.mercatocontadino.org\/public\/biglietto-1-primo-maggio-contadino-parco-2022\/#primaryimage"},"image":{"@id":"https:\/\/www.mercatocontadino.org\/public\/biglietto-1-primo-maggio-contadino-parco-2022\/#primaryimage"},"thumbnailUrl":"https:\/\/www.mercatocontadino.org\/public\/wp-content\/uploads\/2022\/04\/scarica_biglietto_1_primo_maggio_2022_parco_romano_biodistretto_roma_castelli_romani.jpg","datePublished":"2022-04-15T09:33:20+00:00","dateModified":"2022-04-30T09:44:13+00:00","breadcrumb":{"@id":"https:\/\/www.mercatocontadino.org\/public\/biglietto-1-primo-maggio-contadino-parco-2022\/#breadcrumb"},"inLanguage":"it-IT","potentialAction":[{"@type":"ReadAction","target":["https:\/\/www.mercatocontadino.org\/public\/biglietto-1-primo-maggio-contadino-parco-2022\/"]}]},{"@type":"ImageObject","inLanguage":"it-IT","@id":"https:\/\/www.mercatocontadino.org\/public\/biglietto-1-primo-maggio-contadino-parco-2022\/#primaryimage","url":"https:\/\/www.mercatocontadino.org\/public\/wp-content\/uploads\/2022\/04\/scarica_biglietto_1_primo_maggio_2022_parco_romano_biodistretto_roma_castelli_romani.jpg","contentUrl":"https:\/\/www.mercatocontadino.org\/public\/wp-content\/uploads\/2022\/04\/scarica_biglietto_1_primo_maggio_2022_parco_romano_biodistretto_roma_castelli_romani.jpg","width":2460,"height":1979,"caption":"1 primo maggio 2022 parco romano biodistretto roma castelli romani scarica biglietto"},{"@type":"BreadcrumbList","@id":"https:\/\/www.mercatocontadino.org\/public\/biglietto-1-primo-maggio-contadino-parco-2022\/#breadcrumb","itemListElement":[{"@type":"ListItem","position":1,"name":"Home","item":"https:\/\/www.mercatocontadino.org\/public\/"},{"@type":"ListItem","position":2,"name":"BIGLIETTO OMAGGIO 1\u00b0 Primo maggio contadino a Parco 2022"}]},{"@type":"WebSite","@id":"https:\/\/www.mercatocontadino.org\/public\/#website","url":"https:\/\/www.mercatocontadino.org\/public\/","name":"Mercato Contadino Roma e Castelli Romani","description":"Diffondiamo Prodotti Agroalimentari di Qualit\u00e0, Km0, di Filiera Corta","potentialAction":[{"@type":"SearchAction","target":{"@type":"EntryPoint","urlTemplate":"https:\/\/www.mercatocontadino.org\/public\/?s={search_term_string}"},"query-input":{"@type":"PropertyValueSpecification","valueRequired":true,"valueName":"search_term_string"}}],"inLanguage":"it-IT"}]}},"_links":{"self":[{"href":"https:\/\/www.mercatocontadino.org\/public\/wp-json\/wp\/v2\/pages\/3365"}],"collection":[{"href":"https:\/\/www.mercatocontadino.org\/public\/wp-json\/wp\/v2\/pages"}],"about":[{"href":"https:\/\/www.mercatocontadino.org\/public\/wp-json\/wp\/v2\/types\/page"}],"author":[{"embeddable":true,"href":"https:\/\/www.mercatocontadino.org\/public\/wp-json\/wp\/v2\/users\/1"}],"replies":[{"embeddable":true,"href":"https:\/\/www.mercatocontadino.org\/public\/wp-json\/wp\/v2\/comments?post=3365"}],"version-history":[{"count":19,"href":"https:\/\/www.mercatocontadino.org\/public\/wp-json\/wp\/v2\/pages\/3365\/revisions"}],"predecessor-version":[{"id":3409,"href":"https:\/\/www.mercatocontadino.org\/public\/wp-json\/wp\/v2\/pages\/3365\/revisions\/3409"}],"wp:featuredmedia":[{"embeddable":true,"href":"https:\/\/www.mercatocontadino.org\/public\/wp-json\/wp\/v2\/media\/3366"}],"wp:attachment":[{"href":"https:\/\/www.mercatocontadino.org\/public\/wp-json\/wp\/v2\/media?parent=3365"}],"curies":[{"name":"wp","href":"https:\/\/api.w.org\/{rel}","templated":true}]}}