{"id":2965,"date":"2021-01-02T16:29:31","date_gmt":"2021-01-02T15:29:31","guid":{"rendered":"https:\/\/www.mercatocontadino.org\/public\/?page_id=2965"},"modified":"2021-02-02T18:10:32","modified_gmt":"2021-02-02T17:10:32","slug":"farmers-market","status":"publish","type":"page","link":"https:\/\/www.mercatocontadino.org\/public\/farmers-market\/","title":{"rendered":"farmers market"},"content":{"rendered":"<p>[vc_row css_animation=&#8221;&#8221; row_type=&#8221;row&#8221; use_row_as_full_screen_section=&#8221;no&#8221; type=&#8221;full_width&#8221; angled_section=&#8221;no&#8221; text_align=&#8221;left&#8221; background_image_as_pattern=&#8221;without_pattern&#8221; z_index=&#8221;&#8221;][vc_column][vc_column_text]<div class=\"cont\"><ul id=\"adaptivernessss\"><li><div>\n                          \n                                        <div>\n                                            <div class=\"vc_row grid_section\">\n                                                <div class=\"section_inner clearfix\">\n                                                    <div class=\"sub_header section_inner_margin vc_row\">\n                                                    <div class=\"wpb_column vc_column_container vc_col-xs-12 vc_col-md-6\">\n                                            <h1 style=\"margin-bottom:15px; padding:0;\">Inizia a mangiare sano con i <span class=\"color_1_verde_medio\">Mercati Contadini<\/span> di <span class=\"\" style=\"color:#f57878;\">Roma<\/span> e <span style=\"color:#84aff3;\">Castelli Romani<\/span><\/h1>\n                                            <h3>Unisciti alle centinaia di famiglie che scelgono una \n                                            <span class=\"color_1_verde_medio\">spesa di qualit\u00e0<\/span>, \n                                            Km0, stagionale, con prodotti freschi, che rispettano \n                                            la sostenibilit\u00e0 e la biodiversit\u00e0, la fertilit\u00e0 del \n                                            suolo e la tutela del paesaggio, al prezzo giusto.<\/h3>\n                                            \n                                             <div class=\"MY_BTN_HEADER btn_cta_header btn_color_blue\"><a href=\"\/public\/quando-e-dove-mercato-contadino-roma-castelli-romani\/\">SCOPRI DOVE<\/a><\/div> <div class=\"MY_BTN_HEADER btn_cta_header btn_color_green\"><a href=\"#mccr_newsletter_block\">ISCRIVITI<\/a><\/div>\n\n                                                    <\/div>\n                                                    <\/div>\n                                                <\/div>\n                                            <\/div>\n                                        <\/div>\n                                        <div class=\"img-cont-header\"><div class=\"img-cont-header-mask\"><\/div><img decoding=\"async\" class=\"header_img_1\" src=\"https:\/\/www.mercatocontadino.org\/public\/wp-content\/uploads\/2024\/09\/mercati-contadini-mercato-contadino-lazio-roma-e-castelli-romani-rete.png\"><\/div>\n                                    \n                          \n                    <\/div><\/li><\/ul><\/div>[\/vc_column_text][\/vc_column][\/vc_row][vc_row css_animation=&#8221;&#8221; row_type=&#8221;row&#8221; use_row_as_full_screen_section=&#8221;no&#8221; type=&#8221;grid&#8221; angled_section=&#8221;no&#8221; text_align=&#8221;left&#8221; background_image_as_pattern=&#8221;without_pattern&#8221; z_index=&#8221;&#8221; css=&#8221;.vc_custom_1611941731352{background-color: #ffffff !important;}&#8221;][vc_column][vc_column_text]\n<div style=\"width:100%; text-align:center; padding: 20px 0 0px 0;\"><div style=\"width:100%; text-align:center;\"><p style=\"padding: 15px 0;\"><b>Insieme per coltivare un futuro migliore! A Roma e ai Castelli Romani<\/b><\/p><\/div><div class=\"my_partners\"><img decoding=\"async\" class=\"my_partner_1 my_partners_img\" src=\"https:\/\/www.mercatocontadino.org\/public\/wp-content\/uploads\/2021\/01\/comune-ariccia-mercato-contadino-farmers-market-logo.jpg\"><\/div><div class=\"my_partners\"><img decoding=\"async\" class=\"my_partner_1 my_partners_img\" src=\"https:\/\/www.mercatocontadino.org\/public\/wp-content\/uploads\/2021\/01\/comune-albano-laziale-citta-farmers-markets-mercato-contadino-logo.jpg\"><\/div><div class=\"my_partners\"><img decoding=\"async\" class=\"my_partner_1 my_partners_img\" src=\"https:\/\/www.mercatocontadino.org\/public\/wp-content\/uploads\/2021\/01\/comune-grottaferrata-citta-farmers-markets-mercato-contadino-logo.jpg\"><\/div><div class=\"my_partners\"><img decoding=\"async\" class=\"my_partner_1 my_partners_img\" src=\"https:\/\/www.mercatocontadino.org\/public\/wp-content\/uploads\/2021\/01\/comune-frascati-citta-farmers-markets-mercato-contadino-logo.jpg\"><\/div><div class=\"my_partners\"><img decoding=\"async\" class=\"my_partner_1 my_partners_img\" src=\"https:\/\/www.mercatocontadino.org\/public\/wp-content\/uploads\/2021\/01\/comune-genzano-di-roma-citta-farmers-markets-mercato-contadino-logo.jpg\"><\/div><div class=\"my_partners\"><img decoding=\"async\" class=\"my_partner_1 my_partners_img\" src=\"https:\/\/www.mercatocontadino.org\/public\/wp-content\/uploads\/2021\/01\/comune-marino-citta-farmers-markets-mercato-contadino-logo.jpg\"><\/div><div class=\"my_partners\"><img decoding=\"async\" class=\"my_partner_1 my_partners_img\" src=\"https:\/\/www.mercatocontadino.org\/public\/wp-content\/uploads\/2021\/01\/comune-rocca-di-papa-citta-farmers-markets-mercato-contadino-logo.jpg\"><\/div><div class=\"my_partners\"><img decoding=\"async\" class=\"my_partner_1 my_partners_img\" src=\"https:\/\/www.mercatocontadino.org\/public\/wp-content\/uploads\/2021\/01\/universita-tor-vergata-roma-citta-farmers-markets-mercato-contadino-logo.jpg\"><\/div><div class=\"my_partners\"><img decoding=\"async\" class=\"my_partner_1 my_partners_img\" src=\"https:\/\/www.mercatocontadino.org\/public\/wp-content\/uploads\/2021\/01\/citta-roma-farmers-markets-mercato-contadino-logo-1.jpg\"><\/div><div class=\"my_partners\"><img decoding=\"async\" class=\"my_partner_1 my_partners_img\" src=\"https:\/\/www.mercatocontadino.org\/public\/wp-content\/uploads\/2021\/01\/parco-castelli-romani-roma-citta-farmers-markets-mercato-contadino-logo.jpg\"><\/div><div class=\"my_partners\"><img decoding=\"async\" class=\"my_partner_1 my_partners_img\" src=\"https:\/\/www.mercatocontadino.org\/public\/wp-content\/uploads\/2021\/01\/regione-lazio-farmers-markets-mercato-contadino-logo.jpg\"><\/div><div class=\"my_partners\"><img decoding=\"async\" class=\"my_partner_1 my_partners_img\" src=\"https:\/\/www.mercatocontadino.org\/public\/wp-content\/uploads\/2021\/01\/arsial-regione-lazio-farmers-markets-mercato-contadino-logo.jpg\"><\/div><div class=\"my_partners\"><img decoding=\"async\" class=\"my_partner_1 my_partners_img\" src=\"https:\/\/www.mercatocontadino.org\/public\/wp-content\/uploads\/2021\/01\/cerealia-farmers-markets-mercato-contadino-logo.jpg\"><\/div><div class=\"my_partners\"><img decoding=\"async\" class=\"my_partner_1 my_partners_img\" src=\"https:\/\/www.mercatocontadino.org\/public\/wp-content\/uploads\/2021\/01\/navdanya-farmers-markets-mercato-contadino-logo.jpg\"><\/div><div class=\"my_partners\"><img decoding=\"async\" class=\"my_partner_1 my_partners_img\" src=\"https:\/\/www.mercatocontadino.org\/public\/wp-content\/uploads\/2021\/01\/parco-regione-lazio-appia-antica-farmers-markets-mercato-contadino-logo.jpg\"><\/div><div class=\"my_partners\"><img decoding=\"async\" class=\"my_partner_1 my_partners_img\" src=\"https:\/\/www.mercatocontadino.org\/public\/wp-content\/uploads\/2021\/01\/foord-relovution-roma-citta-farmers-markets-mercato-contadino-logo.jpg\"><\/div><div class=\"my_partners\"><img decoding=\"async\" class=\"my_partner_1 my_partners_img\" src=\"https:\/\/www.mercatocontadino.org\/public\/wp-content\/uploads\/2021\/01\/seed-freedom-regione-lazio-farmers-markets-mercato-contadino-logo.jpg\"><\/div><div class=\"my_partners\"><img decoding=\"async\" class=\"my_partner_1 my_partners_img\" src=\"https:\/\/www.mercatocontadino.org\/public\/wp-content\/uploads\/2021\/01\/coltivendo-farmers-markets-mercato-contadino-logo.jpg\"><\/div><\/div>[\/vc_column_text][\/vc_column][\/vc_row][vc_row css_animation=&#8221;&#8221; row_type=&#8221;row&#8221; use_row_as_full_screen_section=&#8221;no&#8221; type=&#8221;grid&#8221; angled_section=&#8221;no&#8221; text_align=&#8221;left&#8221; background_image_as_pattern=&#8221;without_pattern&#8221; z_index=&#8221;&#8221; css=&#8221;.vc_custom_1612222209013{padding-top: 80px !important;padding-bottom: 80px !important;}&#8221;][vc_column][vc_column_text]<div class=\"cont\"><ul class=\"lightSlider\"><li>\n                          <div class=\"news_img\"><img decoding=\"async\" src=\"https:\/\/www.mercatocontadino.org\/public\/wp-content\/uploads\/2026\/04\/roma_terra_musica_fustock_1_maggio_parco-romano-768x1097.jpg\"><\/div>\n                          <div class=\"news_content\">\n                                <h3><a href=\"https:\/\/www.mercatocontadino.org\/public\/terra-e-musica-2026-parco-romano-ariccia\/\" title=\"1\u00b0 Maggio 2026 Terra e Musica a Parco Romano ad Ariccia\">1\u00b0 Maggio 2026 Terra e Musica a Parco Romano ad Ariccia<\/a><\/h3>\n                                <p class=\"news_excerpt\">\ud83c\udf3f Un Primo Maggio, due modi di viverlo \ud83d\uddd3\ufe0f 01 Maggio 2026 \ud83d\udccd Ariccia \u2013 Parco Romano Il Primo Maggio da noi \u00e8 una giornata da vivere come preferite: seduti a tavola, tra piatti curati...<\/p>\n                           <\/div>\n                      <\/li><li>\n                          <div class=\"news_img\"><img decoding=\"async\" src=\"https:\/\/www.mercatocontadino.org\/public\/wp-content\/uploads\/2026\/04\/fustock_25_aprile_parco_romano_ariccia-768x1097.jpeg\"><\/div>\n                          <div class=\"news_content\">\n                                <h3><a href=\"https:\/\/www.mercatocontadino.org\/public\/25-aprile-2026-a-parco-romano\/\" title=\"25 Aprile 2026 a Parco Romano, Mercato Contadino e Pranzo nel Parco\">25 Aprile 2026 a Parco Romano, Mercato Contadino e Pranzo nel Parco<\/a><\/h3>\n                                <p class=\"news_excerpt\">\ud83c\udf3f 25 APRILE VIBES A PARCO ROMANO \ud83c\uddee\ud83c\uddf9 Festeggia la Festa della Liberazione tra natura, gusto e musica! Prenota ora \ud83d\udc49 \ud83e\uddfa Mercato contadino \ud83c\udfa8 Artigianato locale \ud83c\udf74 Pranzo da Fustock \ud83c\udfb6 Musica live Un\u2019intera...<\/p>\n                           <\/div>\n                      <\/li><li>\n                          <div class=\"news_img\"><img decoding=\"async\" src=\"https:\/\/www.mercatocontadino.org\/public\/wp-content\/uploads\/2026\/03\/mercato-contadino-roma-castelli-romani-domenica-ecologica-29-marzo-2026-768x1075.jpeg\"><\/div>\n                          <div class=\"news_content\">\n                                <h3><a href=\"https:\/\/www.mercatocontadino.org\/public\/mercati-contadini-domenica-ecologica-2026-marzo\/\" title=\"Domenica Ecologica Mercati Contadini Domenica 29 Marzo\">Domenica Ecologica Mercati Contadini Domenica 29 Marzo<\/a><\/h3>\n                                <p class=\"news_excerpt\">Domenica ecologica 29 marzo 2026 \ud83e\uddd1\u200d\ud83c\udf3e Mercato dei prodotti agricoli del Lazio in collaborazione con @cia_agricoltori e @mercaticontadiniromacastelli. Dalle ore 9 alle ore 18. MANGIARE e\u2019 un ATTO AGRICOLO. Una giornata per sensibilizzare il pubblico...<\/p>\n                           <\/div>\n                      <\/li><li>\n                          <div class=\"news_img\"><img decoding=\"async\" src=\"https:\/\/www.mercatocontadino.org\/public\/wp-content\/uploads\/2026\/03\/mercato-contadino-grottaferrata-2026-1-768x1019.jpg\"><\/div>\n                          <div class=\"news_content\">\n                                <h3><a href=\"https:\/\/www.mercatocontadino.org\/public\/edizione-straordinaria-mercato-contadino-grottaferrata-domenica-29-marzo-2026\/\" title=\"Edizione straordinaria Mercato Contadino Grottaferrata Domenica 29 Marzo 2026\">Edizione straordinaria Mercato Contadino Grottaferrata Domenica 29 Marzo 2026<\/a><\/h3>\n                                <p class=\"news_excerpt\">\ud83c\udf3f Edizione Straordinaria \u2013 Domenica delle Palme \ud83c\udf3f \ud83d\udcc5 Domenica 29.03.2026 Per questa occasione speciale, ci spostiamo eccezionalmente di location! \ud83d\udc49 Vi aspettiamo a Via Vecchia di Marino \ud83d\udccd (anzich\u00e9 nella consueta Piazza De Gasperi)...<\/p>\n                           <\/div>\n                      <\/li><\/ul><\/div>[\/vc_column_text][\/vc_column][\/vc_row][vc_row css_animation=&#8221;&#8221; row_type=&#8221;row&#8221; use_row_as_full_screen_section=&#8221;no&#8221; type=&#8221;grid&#8221; angled_section=&#8221;no&#8221; text_align=&#8221;left&#8221; background_image_as_pattern=&#8221;without_pattern&#8221; css=&#8221;.vc_custom_1612222151085{padding-top: 60px !important;padding-bottom: 60px !important;}&#8221; z_index=&#8221;&#8221; background_image=&#8221;3055&#8243;][vc_column width=&#8221;1\/3&#8243;][vc_column_text]Puoi iniziare subito.<\/p>\n<h2>Migliora la qualit\u00e0 della tua vita attraverso ci\u00f2 che mangi.<\/h2>\n<p>Il principale vantaggio per la salute del cibo coltivato localmente \u00e8 che \u00e8 pi\u00f9 fresco. Frutta e verdura iniziano a perdere i loro nutrienti entro 24 ore dalla raccolta, quindi i prodotti pi\u00f9 freschi sono pi\u00f9 nutrienti. Inoltre, il cibo coltivato localmente viene raccolto al massimo della maturit\u00e0, quando \u00e8 pi\u00f9 denso di sostanze nutritive.[\/vc_column_text][\/vc_column][vc_column width=&#8221;1\/3&#8243;][\/vc_column][vc_column width=&#8221;1\/3&#8243;][\/vc_column][\/vc_row][vc_row css_animation=&#8221;&#8221; row_type=&#8221;row&#8221; use_row_as_full_screen_section=&#8221;no&#8221; type=&#8221;grid&#8221; angled_section=&#8221;no&#8221; text_align=&#8221;left&#8221; background_image_as_pattern=&#8221;without_pattern&#8221; css=&#8221;.vc_custom_1612285829733{padding-top: 60px !important;padding-bottom: 60px !important;}&#8221; z_index=&#8221;&#8221; background_image=&#8221;3058&#8243;][vc_column width=&#8221;1\/3&#8243;][vc_column_text]Puoi iniziare subito.<\/p>\n<h2>Migliora la qualit\u00e0 della tua vita attraverso ci\u00f2 che mangi.<\/h2>\n<p>Il principale vantaggio per la salute del cibo coltivato localmente \u00e8 che \u00e8 pi\u00f9 fresco. Frutta e verdura iniziano a perdere i loro nutrienti entro 24 ore dalla raccolta, quindi i prodotti pi\u00f9 freschi sono pi\u00f9 nutrienti. Inoltre, il cibo coltivato localmente viene raccolto al massimo della maturit\u00e0, quando \u00e8 pi\u00f9 denso di sostanze nutritive.[\/vc_column_text][\/vc_column][vc_column width=&#8221;1\/3&#8243;][\/vc_column][vc_column width=&#8221;1\/3&#8243;][\/vc_column][\/vc_row]<\/p>\n","protected":false},"excerpt":{"rendered":"<p>[vc_row css_animation=&#8221;&#8221; row_type=&#8221;row&#8221; use_row_as_full_screen_section=&#8221;no&#8221; type=&#8221;full_width&#8221; angled_section=&#8221;no&#8221; text_align=&#8221;left&#8221; background_image_as_pattern=&#8221;without_pattern&#8221; z_index=&#8221;&#8221;][vc_column][vc_column_text][\/vc_column_text][\/vc_column][\/vc_row][vc_row css_animation=&#8221;&#8221; row_type=&#8221;row&#8221; use_row_as_full_screen_section=&#8221;no&#8221; type=&#8221;grid&#8221; angled_section=&#8221;no&#8221; text_align=&#8221;left&#8221; background_image_as_pattern=&#8221;without_pattern&#8221; z_index=&#8221;&#8221; css=&#8221;.vc_custom_1611941731352{background-color: #ffffff !important;}&#8221;][vc_column][vc_column_text][\/vc_column_text][\/vc_column][\/vc_row][vc_row css_animation=&#8221;&#8221; row_type=&#8221;row&#8221; use_row_as_full_screen_section=&#8221;no&#8221; type=&#8221;grid&#8221; angled_section=&#8221;no&#8221; text_align=&#8221;left&#8221; background_image_as_pattern=&#8221;without_pattern&#8221; z_index=&#8221;&#8221; css=&#8221;.vc_custom_1612222209013{padding-top: 80px !important;padding-bottom: 80px !important;}&#8221;][vc_column][vc_column_text][\/vc_column_text][\/vc_column][\/vc_row][vc_row css_animation=&#8221;&#8221; row_type=&#8221;row&#8221;&#8230;<\/p>\n","protected":false},"author":1,"featured_media":0,"parent":0,"menu_order":0,"comment_status":"closed","ping_status":"closed","template":"full_width.php","meta":{"footnotes":""},"yoast_head":"<!-- This site is optimized with the Yoast SEO plugin v23.6 - https:\/\/yoast.com\/wordpress\/plugins\/seo\/ -->\r\n<title>farmers market - Mercato Contadino Roma e Castelli Romani<\/title>\r\n<meta name=\"robots\" content=\"index, follow, max-snippet:-1, max-image-preview:large, max-video-preview:-1\" \/>\r\n<link rel=\"canonical\" href=\"https:\/\/www.mercatocontadino.org\/public\/farmers-market\/\" \/>\r\n<meta property=\"og:locale\" content=\"it_IT\" \/>\r\n<meta property=\"og:type\" content=\"article\" \/>\r\n<meta property=\"og:title\" content=\"farmers market - Mercato Contadino Roma e Castelli Romani\" \/>\r\n<meta property=\"og:description\" content=\"[vc_row css_animation=&#8221;&#8221; row_type=&#8221;row&#8221; use_row_as_full_screen_section=&#8221;no&#8221; type=&#8221;full_width&#8221; angled_section=&#8221;no&#8221; text_align=&#8221;left&#8221; background_image_as_pattern=&#8221;without_pattern&#8221; z_index=&#8221;&#8221;][vc_column][vc_column_text][\/vc_column_text][\/vc_column][\/vc_row][vc_row css_animation=&#8221;&#8221; row_type=&#8221;row&#8221; use_row_as_full_screen_section=&#8221;no&#8221; type=&#8221;grid&#8221; angled_section=&#8221;no&#8221; text_align=&#8221;left&#8221; background_image_as_pattern=&#8221;without_pattern&#8221; z_index=&#8221;&#8221; css=&#8221;.vc_custom_1611941731352{background-color: #ffffff !important;}&#8221;][vc_column][vc_column_text][\/vc_column_text][\/vc_column][\/vc_row][vc_row css_animation=&#8221;&#8221; row_type=&#8221;row&#8221; use_row_as_full_screen_section=&#8221;no&#8221; type=&#8221;grid&#8221; angled_section=&#8221;no&#8221; text_align=&#8221;left&#8221; background_image_as_pattern=&#8221;without_pattern&#8221; z_index=&#8221;&#8221; css=&#8221;.vc_custom_1612222209013{padding-top: 80px !important;padding-bottom: 80px !important;}&#8221;][vc_column][vc_column_text][\/vc_column_text][\/vc_column][\/vc_row][vc_row css_animation=&#8221;&#8221; row_type=&#8221;row&#8221;...\" \/>\r\n<meta property=\"og:url\" content=\"https:\/\/www.mercatocontadino.org\/public\/farmers-market\/\" \/>\r\n<meta property=\"og:site_name\" content=\"Mercato Contadino Roma e Castelli Romani\" \/>\r\n<meta property=\"article:modified_time\" content=\"2021-02-02T17:10:32+00:00\" \/>\r\n<meta property=\"og:image\" content=\"https:\/\/www.mercatocontadino.org\/public\/wp-content\/uploads\/2020\/12\/mercato-contadino-roma-farmer-market-castelli_romani.png\" \/>\r\n\t<meta property=\"og:image:width\" content=\"960\" \/>\r\n\t<meta property=\"og:image:height\" content=\"429\" \/>\r\n\t<meta property=\"og:image:type\" content=\"image\/png\" \/>\r\n<meta name=\"twitter:card\" content=\"summary_large_image\" \/>\r\n<meta name=\"twitter:label1\" content=\"Tempo di lettura stimato\" \/>\n\t<meta name=\"twitter:data1\" content=\"2 minuti\" \/>\r\n<script type=\"application\/ld+json\" class=\"yoast-schema-graph\">{\"@context\":\"https:\/\/schema.org\",\"@graph\":[{\"@type\":\"WebPage\",\"@id\":\"https:\/\/www.mercatocontadino.org\/public\/farmers-market\/\",\"url\":\"https:\/\/www.mercatocontadino.org\/public\/farmers-market\/\",\"name\":\"farmers market - Mercato Contadino Roma e Castelli Romani\",\"isPartOf\":{\"@id\":\"https:\/\/www.mercatocontadino.org\/public\/#website\"},\"datePublished\":\"2021-01-02T15:29:31+00:00\",\"dateModified\":\"2021-02-02T17:10:32+00:00\",\"breadcrumb\":{\"@id\":\"https:\/\/www.mercatocontadino.org\/public\/farmers-market\/#breadcrumb\"},\"inLanguage\":\"it-IT\",\"potentialAction\":[{\"@type\":\"ReadAction\",\"target\":[\"https:\/\/www.mercatocontadino.org\/public\/farmers-market\/\"]}]},{\"@type\":\"BreadcrumbList\",\"@id\":\"https:\/\/www.mercatocontadino.org\/public\/farmers-market\/#breadcrumb\",\"itemListElement\":[{\"@type\":\"ListItem\",\"position\":1,\"name\":\"Home\",\"item\":\"https:\/\/www.mercatocontadino.org\/public\/\"},{\"@type\":\"ListItem\",\"position\":2,\"name\":\"farmers market\"}]},{\"@type\":\"WebSite\",\"@id\":\"https:\/\/www.mercatocontadino.org\/public\/#website\",\"url\":\"https:\/\/www.mercatocontadino.org\/public\/\",\"name\":\"Mercato Contadino Roma e Castelli Romani\",\"description\":\"Diffondiamo Prodotti Agroalimentari di Qualit\u00e0, Km0, di Filiera Corta\",\"potentialAction\":[{\"@type\":\"SearchAction\",\"target\":{\"@type\":\"EntryPoint\",\"urlTemplate\":\"https:\/\/www.mercatocontadino.org\/public\/?s={search_term_string}\"},\"query-input\":{\"@type\":\"PropertyValueSpecification\",\"valueRequired\":true,\"valueName\":\"search_term_string\"}}],\"inLanguage\":\"it-IT\"}]}<\/script>\r\n<!-- \/ Yoast SEO plugin. -->","yoast_head_json":{"title":"farmers market - Mercato Contadino Roma e Castelli Romani","robots":{"index":"index","follow":"follow","max-snippet":"max-snippet:-1","max-image-preview":"max-image-preview:large","max-video-preview":"max-video-preview:-1"},"canonical":"https:\/\/www.mercatocontadino.org\/public\/farmers-market\/","og_locale":"it_IT","og_type":"article","og_title":"farmers market - Mercato Contadino Roma e Castelli Romani","og_description":"[vc_row css_animation=&#8221;&#8221; row_type=&#8221;row&#8221; use_row_as_full_screen_section=&#8221;no&#8221; type=&#8221;full_width&#8221; angled_section=&#8221;no&#8221; text_align=&#8221;left&#8221; background_image_as_pattern=&#8221;without_pattern&#8221; z_index=&#8221;&#8221;][vc_column][vc_column_text][\/vc_column_text][\/vc_column][\/vc_row][vc_row css_animation=&#8221;&#8221; row_type=&#8221;row&#8221; use_row_as_full_screen_section=&#8221;no&#8221; type=&#8221;grid&#8221; angled_section=&#8221;no&#8221; text_align=&#8221;left&#8221; background_image_as_pattern=&#8221;without_pattern&#8221; z_index=&#8221;&#8221; css=&#8221;.vc_custom_1611941731352{background-color: #ffffff !important;}&#8221;][vc_column][vc_column_text][\/vc_column_text][\/vc_column][\/vc_row][vc_row css_animation=&#8221;&#8221; row_type=&#8221;row&#8221; use_row_as_full_screen_section=&#8221;no&#8221; type=&#8221;grid&#8221; angled_section=&#8221;no&#8221; text_align=&#8221;left&#8221; background_image_as_pattern=&#8221;without_pattern&#8221; z_index=&#8221;&#8221; css=&#8221;.vc_custom_1612222209013{padding-top: 80px !important;padding-bottom: 80px !important;}&#8221;][vc_column][vc_column_text][\/vc_column_text][\/vc_column][\/vc_row][vc_row css_animation=&#8221;&#8221; row_type=&#8221;row&#8221;...","og_url":"https:\/\/www.mercatocontadino.org\/public\/farmers-market\/","og_site_name":"Mercato Contadino Roma e Castelli Romani","article_modified_time":"2021-02-02T17:10:32+00:00","og_image":[{"width":960,"height":429,"url":"https:\/\/www.mercatocontadino.org\/public\/wp-content\/uploads\/2020\/12\/mercato-contadino-roma-farmer-market-castelli_romani.png","type":"image\/png"}],"twitter_card":"summary_large_image","twitter_misc":{"Tempo di lettura stimato":"2 minuti"},"schema":{"@context":"https:\/\/schema.org","@graph":[{"@type":"WebPage","@id":"https:\/\/www.mercatocontadino.org\/public\/farmers-market\/","url":"https:\/\/www.mercatocontadino.org\/public\/farmers-market\/","name":"farmers market - Mercato Contadino Roma e Castelli Romani","isPartOf":{"@id":"https:\/\/www.mercatocontadino.org\/public\/#website"},"datePublished":"2021-01-02T15:29:31+00:00","dateModified":"2021-02-02T17:10:32+00:00","breadcrumb":{"@id":"https:\/\/www.mercatocontadino.org\/public\/farmers-market\/#breadcrumb"},"inLanguage":"it-IT","potentialAction":[{"@type":"ReadAction","target":["https:\/\/www.mercatocontadino.org\/public\/farmers-market\/"]}]},{"@type":"BreadcrumbList","@id":"https:\/\/www.mercatocontadino.org\/public\/farmers-market\/#breadcrumb","itemListElement":[{"@type":"ListItem","position":1,"name":"Home","item":"https:\/\/www.mercatocontadino.org\/public\/"},{"@type":"ListItem","position":2,"name":"farmers market"}]},{"@type":"WebSite","@id":"https:\/\/www.mercatocontadino.org\/public\/#website","url":"https:\/\/www.mercatocontadino.org\/public\/","name":"Mercato Contadino Roma e Castelli Romani","description":"Diffondiamo Prodotti Agroalimentari di Qualit\u00e0, Km0, di Filiera Corta","potentialAction":[{"@type":"SearchAction","target":{"@type":"EntryPoint","urlTemplate":"https:\/\/www.mercatocontadino.org\/public\/?s={search_term_string}"},"query-input":{"@type":"PropertyValueSpecification","valueRequired":true,"valueName":"search_term_string"}}],"inLanguage":"it-IT"}]}},"_links":{"self":[{"href":"https:\/\/www.mercatocontadino.org\/public\/wp-json\/wp\/v2\/pages\/2965"}],"collection":[{"href":"https:\/\/www.mercatocontadino.org\/public\/wp-json\/wp\/v2\/pages"}],"about":[{"href":"https:\/\/www.mercatocontadino.org\/public\/wp-json\/wp\/v2\/types\/page"}],"author":[{"embeddable":true,"href":"https:\/\/www.mercatocontadino.org\/public\/wp-json\/wp\/v2\/users\/1"}],"replies":[{"embeddable":true,"href":"https:\/\/www.mercatocontadino.org\/public\/wp-json\/wp\/v2\/comments?post=2965"}],"version-history":[{"count":38,"href":"https:\/\/www.mercatocontadino.org\/public\/wp-json\/wp\/v2\/pages\/2965\/revisions"}],"predecessor-version":[{"id":2968,"href":"https:\/\/www.mercatocontadino.org\/public\/wp-json\/wp\/v2\/pages\/2965\/revisions\/2968"}],"wp:attachment":[{"href":"https:\/\/www.mercatocontadino.org\/public\/wp-json\/wp\/v2\/media?parent=2965"}],"curies":[{"name":"wp","href":"https:\/\/api.w.org\/{rel}","templated":true}]}}